{"id":37679,"date":"2024-01-29T18:48:32","date_gmt":"2024-01-29T17:48:32","guid":{"rendered":"http:\/\/luxiders.com.w01cc729.kasserver.com\/conditions\/"},"modified":"2024-02-12T13:28:30","modified_gmt":"2024-02-12T12:28:30","slug":"conditions","status":"publish","type":"page","link":"https:\/\/luxiders.com\/es\/conditions\/","title":{"rendered":"Conditions"},"content":{"rendered":"    <section id=\"textblock-block_8ad5f0e603f73588c7768aadbf2ec4d9\" class=\"section position-relative gp-block gp-textblock pt-5 pb-5 pb-lg-8\">\n        <div class=\"container\">\n            <div class=\"row g-0\">\n                <div class=\"col-lg-12 content\" data-aos=\"fade-in\" data-aos-duration=\"1000\">\n                                                                        <h1 class=\"\">Conditions\n<\/h1>\n                                                                                                        <h3 class=\"p1\"><span class=\"s1\">F\u00fcr alle Kaufvertr\u00e4ge, die \u00fcber diese Seite abgeschlossen werden, gelten die folgenden Allgemeinen Gesch\u00e4ftsbedingungen:<\/span><\/h3>\n<p class=\"p2\"><span class=\"s1\">Ihr Anbieter und Vertragspartner ist:<br \/>\n<\/span><\/p>\n<p class=\"p2\"><span class=\"s1\">Luxiders Magazine<br \/>\nc\/o Factory Works<br \/>\n<\/span>Lohm\u00fchlenstra\u00dfe 65<br \/>\n12435 Berlin<br \/>\n<span class=\"s1\">Germany\u00a0<\/span><\/p>\n<p class=\"p3\"><span class=\"s1\">Telefon:\u00a0+49 (0)\u00a0157 804 747 20<br \/>\nEMail:\u00a0hello@luxiders.com<\/span><\/p>\n<p class=\"p3\"><span class=\"s1\">Belvis Soler Garcia:<br \/>\nSteuernummer: 31\/537\/01247<br \/>\nUst-IdNr. DE296916667<\/span><\/p>\n<p class=\"p4\"><span class=\"s1\">\u00a7 1 Geltungsbereich<br \/>\n\u2022 Die folgenden Allgemeinen Gesch\u00e4ftsbedingungen (im Weiteren \u201eAGB\u201c genannt) gelten f\u00fcr den zwischen dem Kunden, einschlie\u00dflich dessen Rechtsnachfolger, und Luxiders (im Weiteren \u201eLuxiders\u201c genannt) \u00fcber den Onlineshop www.luxiders.com, einschlie\u00dflich der hierauf weitergeleiteten Domains, abgeschlossenen Vertrag \u00fcber die Lieferung der von Luxiders angebotenen Waren. Alle Lieferungen, Leistungen und Angebote von Luxiders<span class=\"Apple-converted-space\">\u00a0\u00a0<\/span>erfolgen ausschlie\u00dflich auf Basis dieser Gesch\u00e4ftsbedingungen.<br \/>\n\u2022 Als Kunden nach \u00a71 gelten sowohl Verbraucher als auch Unternehmer. Verbraucher ist jede nat\u00fcrliche vollj\u00e4hrige\u00a0Person, bei der der Zweck der Bestellung nicht einer gewerblichen, selbst\u00e4ndigen oder freiberuflichen T\u00e4tigkeit zugerechnet werden kann. Dagegen ist ein Unternehmer eine nat\u00fcrliche oder juristische Person oder rechtsf\u00e4hige Personengesellschaft, die zu gewerblichen, selbst\u00e4ndigen oder freiberuflichen Zwecken bestellt.<\/span><\/p>\n<p class=\"p4\"><span class=\"s1\">\u00a7 2 Bestellung und Zustandekommen eines Vertrags<br \/>\n\u2022 Die Darstellung von Produkten im Onlineshop stellt kein Angebot, sondern nur eine Aufforderung zur Abgabe einer Bestellung dar. Durch Abschluss des elektronischen Bestellvorgangs \u00fcber unseren Onlineshop k\u00f6nnen Sie Waren bestellen. Bei Auswahl eines oder mehrerer Produkte werden Letztere in den virtuellen Warenkorb gelegt. Im Warenkorb k\u00f6nnen alle diesem zugeordneten Produkte eingesehen werden. Zus\u00e4tzlich kann dort sowohl die Anzahl der bestellten Produkte variiert als auch ein bestelltes Produkt entfernt werden.Vor Abschluss der Bestellung werden Ihnen alle f\u00fcr die Bestellung relevanten Informationen zusammengefasst angezeigt. Durch Bet\u00e4tigung des Buttons \u201eBuy now\u201c wird der Bestellvorgang beendet.<br \/>\n\u2022 Ihre Bestellung stellt ein bindendes Angebot dar. Die Best\u00e4tigung des Eingangs der Bestellung folgt unmittelbar nach dem Absenden der Bestellung und stellt noch keine Vertragsannahme dar. Wir k\u00f6nnen Ihre Bestellung durch Versand einer Auftragsbest\u00e4tigung per E-Mail oder durch Auslieferung der Ware innerhalb von f\u00fcnf Tagen annehmen.<br \/>\n\u2022 Unsere Werbeangebote sind mangels anderer Vereinbarung oder Verlautbarung freibleibend.<br \/>\n\u2022 Bei \u00c4nderungsw\u00fcnschen der Bestellung oder bei Fragen zur R\u00fccksendung k\u00f6nnen Sie sich per E-Mail an\u00a0<a href=\"mailto:hello@luxiders.com\"><span class=\"s2\">hello@luxiders.com<\/span><\/a>\u00a0wenden.<\/span><\/p>\n<p class=\"p4\"><span class=\"s1\">\u00a7 3 Preise<br \/>\nF\u00fcr Bestellungen gelten die zum Zeitpunkt der Bestellung f\u00fcr die Produkte aufgef\u00fchrten Preise. Alle genannten Preise beinhalten die deutsche gesetzliche Mehrwertsteuer und verstehen sich zuz\u00fcglich Versandkosten.<\/span><\/p>\n<p class=\"p4\"><span class=\"s1\">\u00a7 4 Lieferbedingungen<br \/>\n\u2022 Mit unserem Onlinshop sind Bestellungen weltweit m\u00f6glich.<br \/>\n\u2022 Luxiders ist zu Teillieferungen und Teilleistungen berechtigt.<br \/>\n\u2022 Die Lieferung erfolgt \u00fcber DHL oder andere professionelle Anbieter.<br \/>\n\u2022 Die Ware wird innerhalb von 3 \u2013 5 Tagen nach Zahlungseingang in den Versand gebracht, soweit im Angebot nicht anders angegeben.<br \/>\n\u2022 Nimmt ein K\u00e4ufer die Ware nicht ab, so kann das Luxiders nach Ablauf einer Frist von 2 Wochen die Ware an einen Dritten verkaufen.<\/span><\/p>\n<p class=\"p4\"><span class=\"s1\">\u00a7 5 Zahlungsbedingungen<br \/>\n\u2022 F\u00fcr Bestellungen bieten wir die Zahlart Paypal an. Wir behalten uns vor, gewisse Zahlungsarten auszuschlie\u00dfen.<br \/>\n\u2022 Sie k\u00f6nnen\u00a0die Bestellung auch\u00a0per E-Mail an hello@luxiders.com. aufgeben und ein anderes Zahlungsmittel Ihrer Wahl anfragen.<\/span><\/p>\n<p class=\"p4\"><span class=\"s1\">\u00a7 6 Gefahren\u00fcbergang<br \/>\nBei Verbrauchern geht die Gefahr eines unvorhersehbaren Untergangs und einer zuf\u00e4lligen Verschlechterung der bestellten Ware mit der \u00dcbergabe derselben an den Verbraucher oder einen von ihm bestimmten Empf\u00e4nger \u00fcber. Dies gilt unabh\u00e4ngig davon, ob der Versand versichert erfolgt oder nicht.<\/span><\/p>\n<p class=\"p4\"><span class=\"s1\">\u00a7 7 Eigentumsvorbehalt; Aufrechnung; Zur\u00fcckbehaltungsrecht<br \/>\n\u2022 Bei Verbrauchern behalten wir uns das Eigentum an der Kaufsache bis zur vollst\u00e4ndigen Zahlung des Rechnungsbetrags vor. Sind Sie Unternehmer in Aus\u00fcbung Ihrer gewerblichen oder selbst\u00e4ndigen beruflichen T\u00e4tigkeit, eine juristische Person des \u00f6ffentlichen Rechts oder \u00f6ffentlich-rechtliches Sonderverm\u00f6gen, behalten wir uns das Eigentum an der Kaufsache bis zum Ausgleich aller noch offenen Forderungen aus der Gesch\u00e4ftsverbindung mit dem Besteller vor. Die entsprechenden Sicherungsrechte sind auf Dritte \u00fcbertragbar.<br \/>\n\u2022 Ein Recht zur Aufrechnung steht Ihnen nur zu, wenn Ihre Gegenanspr\u00fcche rechtskr\u00e4ftig festgestellt oder von uns unbestritten oder anerkannt sind. Au\u00dferdem haben Sie ein Zur\u00fcckbehaltungsrecht nur, wenn und soweit Ihr Gegenanspruch auf dem gleichen Vertragsverh\u00e4ltnis beruht.<br \/>\nBei Fragen zu Erhebung, Verarbeitung oder Nutzung Ihrer personenbezogenen Daten, bei Ausk\u00fcnften, Berichtigung, Sperrung oder L\u00f6schung von Daten sowie Widerruf erteilter Einwilligungen wenden Sie sich bitte an:\u00a0hello@luxiders.com.<\/span><\/p>\n<p class=\"p4\"><span class=\"s1\">\u00a7 8 Widerruf<br \/>\nFalls Sie Verbraucher im Sinne des \u00a713 BGB sind, verf\u00fcgen Sie \u00fcber ein Widerrufsrecht. Das Widerrufsrecht besteht nicht bei Fernabsatzvertr\u00e4gen, die eindeutig auf die pers\u00f6nlichen Bed\u00fcrfnisse zugeschnitten sind oder die aufgrund ihrer Beschaffenheit nicht f\u00fcr eine R\u00fccksendung geeignet sind.<\/span><\/p>\n<p class=\"p4\"><span class=\"s1\">Widerrufsbelehrung<br \/>\nSie haben das Recht, binnen vierzehn Tagen ohne Angabe von Gr\u00fcnden diesen Vertrag zu widerrufen. Die Widerrufsfrist betr\u00e4gt 14 Tage ab dem Tag an dem Sie oder ein von Ihnen benannter Dritter, der nicht Bef\u00f6rderer ist, die letzte Ware in Besitz genommen haben bzw. hat. Um ihr Widerrufsrecht auszu\u00fcben, m\u00fcssen Sie Luxiders Magazine, c\/o Factory Works, Lohm\u00fchlenstra\u00dfe 65 12435 Berlin,\u00a0Germany Tel.004915780474720, E-Mail: hello@luxiders.com mittels einer eindeutigen Erkl\u00e4rung (z.B. ein mit der Post versendeter Brief, Telefax oder E-Mail) \u00fcber Ihren Entschluss, diesen Vertrag zu widerrufen, informieren. Sie k\u00f6nnen daf\u00fcr das unten stehende Widerrufsformular verwenden, das jedoch nicht vorgeschrieben ist. Zur Wahrung der Widerrufsfrist reicht es aus, dass Sie die Mitteilung \u00fcber die Aus\u00fcbung des Widerrufsrechts vor Ablauf der Widerrufsfrist absenden.<\/span><\/p>\n<p class=\"p4\"><span class=\"s1\">Folgen des Widerrufs<br \/>\nWenn Sie diesen Vertrag widerrufen, haben wir Ihnen alle Zahlungen, die wir von Ihnen erhalten haben, einschlie\u00dflich der Lieferkosten (mit Ausnahme der zus\u00e4tzlichen Kosten, die sich daraus ergeben, dass Sie eine andere Art der Lieferung als die von uns angebotene, g\u00fcnstigste Standardlieferung gew\u00e4hlt haben), unverz\u00fcglich und sp\u00e4testens binnen vierzehn Tagen ab dem Tag zur\u00fcckzuzahlen, an dem die Mitteilung \u00fcber Ihren Widerruf dieses Vertrags bei uns eingegangen ist. F\u00fcr diese R\u00fcckzahlung verwenden wir dasselbe Zahlungsmittel, das Sie bei der urspr\u00fcnglichen Transaktion eingesetzt haben, es sei denn, mit Ihnen wurde ausdr\u00fccklich etwas anderes vereinbart; in keinem Fall werden Ihnen wegen dieser R\u00fcckzahlung Entgelte berechnet. Wir k\u00f6nnen die R\u00fcckzahlung verweigern, bis wir die Waren wieder zur\u00fcckerhalten haben oder bis sie den Nachweis erbracht haben, dass Sie die Waren zur\u00fcckgesandt haben, je nachdem, welches der fr\u00fchere Zeitpunkt ist. Sie haben die Waren unverz\u00fcglich und in jedem Fall sp\u00e4testens binnen vierzehn Tagen ab dem Tag, an dem Sie uns \u00fcber den Widerruf dieses Vertrags unterrichten, an uns zur\u00fcckzusenden oder zu \u00fcbergeben. Die R\u00fccksendung oder R\u00fcckgabe der Waren muss an folgende Adresse gerichtet werden: Luxiders Magazine, c\/o Factory Works, Lohm\u00fchlenstra\u00dfe 65, 12435 Berlin, Germany. Die Frist ist gewahrt, wenn Sie die Waren vor Ablauf der Frist von vierzehn Tagen absenden. Sie tragen die unmittelbaren Kosten der R\u00fccksendung der Waren. Sie m\u00fcssen f\u00fcr einen etwaigen Wertverlust der Waren nur aufkommen, wenn dieser Wertverlust auf einen zur Pr\u00fcfung der Beschaffenheit, Eigenschaften und Funktionsweise der Waren nicht notwendigen Umgang mit ihnen zur\u00fcckzuf\u00fchren ist.<br \/>\n-Ende der Widerrufsbelehrung-<\/span><\/p>\n<p class=\"p4\"><span class=\"s1\">\u00a7 9 M\u00e4ngel\/Gew\u00e4hrleistung<br \/>\nEs gelten die gesetzlichen Gew\u00e4hrleistungsregeln.<\/span><\/p>\n<p>\u00a7 10 Datenschutz<br \/>\nZum Datenschutz beachten Sie bitte die Regelungen unserer Datenschutzerkl\u00e4rung.<\/p>\n<p class=\"p4\"><span class=\"s1\">\u00a7 11 Haftungsausschluss<br \/>\n\u2022 Luxiders bei einer Verletzung von vertraglichen und au\u00dfervertraglichen Pflichten nach den gesetzlichen Vorschriften. Insbesondere haftet Luxiders nur f\u00fcr Sch\u00e4den, die auf ein vors\u00e4tzliches oder grob fahrl\u00e4ssiges Verhalten zur\u00fcckzuf\u00fchren sind, es sei denn, es handelt sich um eine Verletzung von Leben, K\u00f6rper und Gesundheit oder um die Verletzung wesentlicher Vertragspflichten (Kardinalpflichten). Im Falle Letztgenannter begrenzt sich die Haftung von Luxiders auf den Ersatz von vorhersehbaren, typischerweise eintretenden Sch\u00e4den. Die Haftungsbeschr\u00e4nkungen gelten nicht, falls Luxiders einen Mangel arglistig verschwiegen oder eine Garantie f\u00fcr die Beschaffenheit der Ware \u00fcbernommen hat. Anspr\u00fcche f\u00fcr eine Haftung aufgrund des Produkthaftungsgesetzes bleiben unber\u00fchrt.<br \/>\n\u2022 Die Regelungen des oberen Absatzes gelten sinngem\u00e4\u00df auch zugunsten der gesetzlichen Vertreter, leitenden Angestellten und Erf\u00fcllungsgehilfen von Luxiders.<\/span><\/p>\n<p class=\"p4\"><span class=\"s1\">\u00a7 12 Gerichtsstand<br \/>\n\u2022 Hat der Kunde keinen Wohnsitz innerhalb der Europ\u00e4ischen Union, so ist Berlin Gerichtsstand. Im Verkehr mit Endverbrauchern innerhalb der Europ\u00e4ischen Union kann auch das Recht am Wohnsitz des Endverbrauchers anwendbar sein, sofern es sich zwingend um verbraucherrechtliche Bestimmungen handelt. Falls es sich beim Kunden um einen Kaufmann, eine juristische Person des \u00f6ffentlichen Rechts oder ein \u00f6ffentlich-rechtliches Sonderverm\u00f6gen handelt, ist Bad D\u00fcrkheim ausschlie\u00dflicher Gerichtsstand f\u00fcr alle aus dem Vertragsverh\u00e4ltnis unmittelbar oder mittelbar resultierenden Streitigkeiten.<br \/>\n\u2022 Die Vertragssprache ist Deutsch.<br \/>\n\u2022 Diese AGB sowie auch die weiteren Beziehungen zwischen Luxiders und dem Kunden unterliegen deutschem Recht. Das UN-Kaufrecht findet keine Anwendung.<\/span><\/p>\n<p class=\"p4\"><span class=\"s1\">\u00a7 13 Salvatorische Klausel<br \/>\nFalls einzelne Bestimmungen in diesem Vertrag einschlie\u00dflich dieser Klausel ganz oder teilweise unwirksam sind, oder falls der Vertrag eine L\u00fccke enth\u00e4lt, bleibt die Wirksamkeit der restlichen Bestimmungen oder Teile solcher Bestimmungen unber\u00fchrt.<\/span><\/p>\n<p class=\"p4\"><span class=\"s1\">Stand: 11. Febraur 2024<\/span><\/p>\n                                                        <\/div>\n            <\/div>\n        <\/div>\n    <\/section>\n    ","protected":false},"excerpt":{"rendered":"","protected":false},"author":2,"featured_media":0,"parent":0,"menu_order":0,"comment_status":"closed","ping_status":"closed","template":"","meta":{"_acf_changed":false,"footnotes":""},"class_list":["post-37679","page","type-page","status-publish"],"acf":[],"yoast_head":"<title>Conditions - Sustainable Fashion - Eco Design - Healthy Lifestyle - Luxiders Magazine<\/title>\n<meta name=\"robots\" content=\"index, follow, max-snippet:-1, max-image-preview:large, max-video-preview:-1\" \/>\n<link rel=\"canonical\" href=\"https:\/\/luxiders.com\/es\/conditions\/\" \/>\n<meta property=\"og:locale\" content=\"es_ES\" \/>\n<meta property=\"og:type\" content=\"article\" \/>\n<meta property=\"og:title\" content=\"Conditions - Sustainable Fashion - Eco Design - Healthy Lifestyle - Luxiders Magazine\" \/>\n<meta property=\"og:url\" content=\"https:\/\/luxiders.com\/es\/conditions\/\" \/>\n<meta property=\"og:site_name\" content=\"Sustainable Fashion - Eco Design - Healthy Lifestyle - Luxiders Magazine\" \/>\n<meta property=\"article:modified_time\" content=\"2024-02-12T12:28:30+00:00\" \/>\n<meta name=\"twitter:card\" content=\"summary_large_image\" \/>\n<meta name=\"twitter:label1\" content=\"Est. reading time\" \/>\n\t<meta name=\"twitter:data1\" content=\"6 minutes\" \/>\n<script type=\"application\/ld+json\" class=\"yoast-schema-graph\">{\"@context\":\"https:\/\/schema.org\",\"@graph\":[{\"@type\":\"WebPage\",\"@id\":\"https:\/\/luxiders.com\/es\/conditions\/\",\"url\":\"https:\/\/luxiders.com\/es\/conditions\/\",\"name\":\"Conditions - Sustainable Fashion - Eco Design - Healthy Lifestyle - Luxiders Magazine\",\"isPartOf\":{\"@id\":\"https:\/\/luxiders.com\/es\/#website\"},\"datePublished\":\"2024-01-29T17:48:32+00:00\",\"dateModified\":\"2024-02-12T12:28:30+00:00\",\"breadcrumb\":{\"@id\":\"https:\/\/luxiders.com\/es\/conditions\/#breadcrumb\"},\"inLanguage\":\"es-ES\",\"potentialAction\":[{\"@type\":\"ReadAction\",\"target\":[\"https:\/\/luxiders.com\/es\/conditions\/\"]}]},{\"@type\":\"BreadcrumbList\",\"@id\":\"https:\/\/luxiders.com\/es\/conditions\/#breadcrumb\",\"itemListElement\":[{\"@type\":\"ListItem\",\"position\":1,\"name\":\"Startseite\",\"item\":\"https:\/\/luxiders.com\/es\/\"},{\"@type\":\"ListItem\",\"position\":2,\"name\":\"Conditions\"}]},{\"@type\":\"WebSite\",\"@id\":\"https:\/\/luxiders.com\/es\/#website\",\"url\":\"https:\/\/luxiders.com\/es\/\",\"name\":\"Sustainable Fashion - Eco Design - Healthy Lifestyle - Luxiders Magazine\",\"description\":\"Luxiders is a sustainable luxury magazine highlighting the best stories about sustainable fashion, ethical fashion, eco-friendly design, green design, sustainable travel, natural beauty, organic beauty and healthy lifestyle. Know the best high-end, progressive and luxury sustainable brands and designers worldwide.\",\"publisher\":{\"@id\":\"https:\/\/luxiders.com\/es\/#organization\"},\"potentialAction\":[{\"@type\":\"SearchAction\",\"target\":{\"@type\":\"EntryPoint\",\"urlTemplate\":\"https:\/\/luxiders.com\/es\/?s={search_term_string}\"},\"query-input\":{\"@type\":\"PropertyValueSpecification\",\"valueRequired\":true,\"valueName\":\"search_term_string\"}}],\"inLanguage\":\"es-ES\"},{\"@type\":\"Organization\",\"@id\":\"https:\/\/luxiders.com\/es\/#organization\",\"name\":\"Sustainable Fashion - Eco Design - Healthy Lifestyle - Luxiders Magazine\",\"url\":\"https:\/\/luxiders.com\/es\/\",\"logo\":{\"@type\":\"ImageObject\",\"inLanguage\":\"es-ES\",\"@id\":\"https:\/\/luxiders.com\/es\/#\/schema\/logo\/image\/\",\"url\":\"https:\/\/luxiders.com\/content\/uploads\/lux-logo.svg\",\"contentUrl\":\"https:\/\/luxiders.com\/content\/uploads\/lux-logo.svg\",\"caption\":\"Sustainable Fashion - Eco Design - Healthy Lifestyle - Luxiders Magazine\"},\"image\":{\"@id\":\"https:\/\/luxiders.com\/es\/#\/schema\/logo\/image\/\"}}]}<\/script>","yoast_head_json":{"title":"Conditions - Sustainable Fashion - Eco Design - Healthy Lifestyle - Luxiders Magazine","robots":{"index":"index","follow":"follow","max-snippet":"max-snippet:-1","max-image-preview":"max-image-preview:large","max-video-preview":"max-video-preview:-1"},"canonical":"https:\/\/luxiders.com\/es\/conditions\/","og_locale":"es_ES","og_type":"article","og_title":"Conditions - Sustainable Fashion - Eco Design - Healthy Lifestyle - Luxiders Magazine","og_url":"https:\/\/luxiders.com\/es\/conditions\/","og_site_name":"Sustainable Fashion - Eco Design - Healthy Lifestyle - Luxiders Magazine","article_modified_time":"2024-02-12T12:28:30+00:00","twitter_card":"summary_large_image","twitter_misc":{"Est. reading time":"6 minutes"},"schema":{"@context":"https:\/\/schema.org","@graph":[{"@type":"WebPage","@id":"https:\/\/luxiders.com\/es\/conditions\/","url":"https:\/\/luxiders.com\/es\/conditions\/","name":"Conditions - Sustainable Fashion - Eco Design - Healthy Lifestyle - Luxiders Magazine","isPartOf":{"@id":"https:\/\/luxiders.com\/es\/#website"},"datePublished":"2024-01-29T17:48:32+00:00","dateModified":"2024-02-12T12:28:30+00:00","breadcrumb":{"@id":"https:\/\/luxiders.com\/es\/conditions\/#breadcrumb"},"inLanguage":"es-ES","potentialAction":[{"@type":"ReadAction","target":["https:\/\/luxiders.com\/es\/conditions\/"]}]},{"@type":"BreadcrumbList","@id":"https:\/\/luxiders.com\/es\/conditions\/#breadcrumb","itemListElement":[{"@type":"ListItem","position":1,"name":"Startseite","item":"https:\/\/luxiders.com\/es\/"},{"@type":"ListItem","position":2,"name":"Conditions"}]},{"@type":"WebSite","@id":"https:\/\/luxiders.com\/es\/#website","url":"https:\/\/luxiders.com\/es\/","name":"Sustainable Fashion - Eco Design - Healthy Lifestyle - Luxiders Magazine","description":"Luxiders is a sustainable luxury magazine highlighting the best stories about sustainable fashion, ethical fashion, eco-friendly design, green design, sustainable travel, natural beauty, organic beauty and healthy lifestyle. Know the best high-end, progressive and luxury sustainable brands and designers worldwide.","publisher":{"@id":"https:\/\/luxiders.com\/es\/#organization"},"potentialAction":[{"@type":"SearchAction","target":{"@type":"EntryPoint","urlTemplate":"https:\/\/luxiders.com\/es\/?s={search_term_string}"},"query-input":{"@type":"PropertyValueSpecification","valueRequired":true,"valueName":"search_term_string"}}],"inLanguage":"es-ES"},{"@type":"Organization","@id":"https:\/\/luxiders.com\/es\/#organization","name":"Sustainable Fashion - Eco Design - Healthy Lifestyle - Luxiders Magazine","url":"https:\/\/luxiders.com\/es\/","logo":{"@type":"ImageObject","inLanguage":"es-ES","@id":"https:\/\/luxiders.com\/es\/#\/schema\/logo\/image\/","url":"https:\/\/luxiders.com\/content\/uploads\/lux-logo.svg","contentUrl":"https:\/\/luxiders.com\/content\/uploads\/lux-logo.svg","caption":"Sustainable Fashion - Eco Design - Healthy Lifestyle - Luxiders Magazine"},"image":{"@id":"https:\/\/luxiders.com\/es\/#\/schema\/logo\/image\/"}}]}},"_links":{"self":[{"href":"https:\/\/luxiders.com\/es\/wp-json\/wp\/v2\/pages\/37679","targetHints":{"allow":["GET"]}}],"collection":[{"href":"https:\/\/luxiders.com\/es\/wp-json\/wp\/v2\/pages"}],"about":[{"href":"https:\/\/luxiders.com\/es\/wp-json\/wp\/v2\/types\/page"}],"author":[{"embeddable":true,"href":"https:\/\/luxiders.com\/es\/wp-json\/wp\/v2\/users\/2"}],"replies":[{"embeddable":true,"href":"https:\/\/luxiders.com\/es\/wp-json\/wp\/v2\/comments?post=37679"}],"version-history":[{"count":1,"href":"https:\/\/luxiders.com\/es\/wp-json\/wp\/v2\/pages\/37679\/revisions"}],"predecessor-version":[{"id":37680,"href":"https:\/\/luxiders.com\/es\/wp-json\/wp\/v2\/pages\/37679\/revisions\/37680"}],"wp:attachment":[{"href":"https:\/\/luxiders.com\/es\/wp-json\/wp\/v2\/media?parent=37679"}],"curies":[{"name":"wp","href":"https:\/\/api.w.org\/{rel}","templated":true}]}}